{"id":137,"date":"2017-08-14T09:29:01","date_gmt":"2017-08-14T07:29:01","guid":{"rendered":"http:\/\/www.collis-clamat.de\/home\/?page_id=137"},"modified":"2024-10-11T14:33:40","modified_gmt":"2024-10-11T12:33:40","slug":"veranstalter","status":"publish","type":"page","link":"https:\/\/www.collis-clamat.de\/home\/veranstalter\/","title":{"rendered":"Veranstalter"},"content":{"rendered":"\n<p>Hier findet ihr alle wichtigen Informationen zu uns <a href=\"http:\/\/www.collis-clamat.de\/home\/veranstalter\/die-hundlinge\/\">Hundlingen<\/a>.<\/p>\n\n\n\n<p>Als Veranstalter von Collis Clamat \u00fcbernahmen wir, die Hundlinge e.V., die komplette Planung und Durchf\u00fchrung des Mittelalterfestes. Wir sind euer Ansprechpartner f\u00fcr alle Fragen rund um CC und gerne f\u00fcr Euch da!<\/p>\n","protected":false},"excerpt":{"rendered":"<p>Hier findet ihr alle wichtigen Informationen zu uns Hundlingen. Als Veranstalter von Collis Clamat \u00fcbernahmen wir, die Hundlinge e.V., die komplette Planung und Durchf\u00fchrung des Mittelalterfestes. Wir sind euer Ansprechpartner f\u00fcr alle Fragen rund um CC und gerne f\u00fcr Euch da!<\/p>\n","protected":false},"author":1,"featured_media":0,"parent":0,"menu_order":0,"comment_status":"closed","ping_status":"closed","template":"","meta":{"footnotes":""},"class_list":["post-137","page","type-page","status-publish","hentry","column","threecol"],"_links":{"self":[{"href":"https:\/\/www.collis-clamat.de\/home\/wp-json\/wp\/v2\/pages\/137","targetHints":{"allow":["GET"]}}],"collection":[{"href":"https:\/\/www.collis-clamat.de\/home\/wp-json\/wp\/v2\/pages"}],"about":[{"href":"https:\/\/www.collis-clamat.de\/home\/wp-json\/wp\/v2\/types\/page"}],"author":[{"embeddable":true,"href":"https:\/\/www.collis-clamat.de\/home\/wp-json\/wp\/v2\/users\/1"}],"replies":[{"embeddable":true,"href":"https:\/\/www.collis-clamat.de\/home\/wp-json\/wp\/v2\/comments?post=137"}],"version-history":[{"count":6,"href":"https:\/\/www.collis-clamat.de\/home\/wp-json\/wp\/v2\/pages\/137\/revisions"}],"predecessor-version":[{"id":1634,"href":"https:\/\/www.collis-clamat.de\/home\/wp-json\/wp\/v2\/pages\/137\/revisions\/1634"}],"wp:attachment":[{"href":"https:\/\/www.collis-clamat.de\/home\/wp-json\/wp\/v2\/media?parent=137"}],"curies":[{"name":"wp","href":"https:\/\/api.w.org\/{rel}","templated":true}]}}