{"id":145,"date":"2017-08-14T09:30:20","date_gmt":"2017-08-14T07:30:20","guid":{"rendered":"http:\/\/www.collis-clamat.de\/home\/?page_id=145"},"modified":"2024-10-11T10:54:52","modified_gmt":"2024-10-11T08:54:52","slug":"lagergruppen","status":"publish","type":"page","link":"https:\/\/www.collis-clamat.de\/home\/lagergruppen\/","title":{"rendered":"Lagergruppen"},"content":{"rendered":"\n<h3 class=\"wp-block-heading\"><strong>Lagern, Leben und Ambiente<br><br><\/strong>Kein Mittelalterfeeling ohne Lagernde!<\/h3>\n\n\n\n<p>Tats\u00e4chlich waren es im Laufe der Jahre \u00fcber 100 verschiedene Lagergruppen und -verbunde, die unser Fest mit Leben gef\u00fcllt haben. Waldl\u00e4ufer, Trunkenbolde, Handwerker, Wikinger, HoMis, Ritter, Bogensch\u00fctzen, K\u00e4mpfer, &#8230; wir schaffen es eh niemals alles aufzuz\u00e4hlen, was wir dank EUCH, den Lagergruppen, sehen und erleben durften. <br>Von sch\u00fcchternen Erstlagernden bis zum Wettbewerb um den sch\u00f6nsten Vorgarten am Lagerplatz war es ein langer Weg, den wir von Herzen gerne mit euch gegangen sind!<\/p>\n\n\n\n<h4 class=\"wp-block-heading\">DANKE.<\/h4>\n","protected":false},"excerpt":{"rendered":"<p>Lagern, Leben und Ambiente Kein Mittelalterfeeling ohne Lagernde! Tats\u00e4chlich waren es im Laufe der Jahre \u00fcber 100 verschiedene Lagergruppen und -verbunde, die unser Fest mit Leben gef\u00fcllt haben. Waldl\u00e4ufer, Trunkenbolde, Handwerker, Wikinger, HoMis, Ritter, Bogensch\u00fctzen, K\u00e4mpfer, &#8230; wir schaffen es eh niemals alles aufzuz\u00e4hlen, was wir dank EUCH, den Lagergruppen, &#8230;<\/p>\n","protected":false},"author":1,"featured_media":0,"parent":0,"menu_order":0,"comment_status":"closed","ping_status":"closed","template":"","meta":{"footnotes":""},"class_list":["post-145","page","type-page","status-publish","hentry","column","threecol"],"_links":{"self":[{"href":"https:\/\/www.collis-clamat.de\/home\/wp-json\/wp\/v2\/pages\/145","targetHints":{"allow":["GET"]}}],"collection":[{"href":"https:\/\/www.collis-clamat.de\/home\/wp-json\/wp\/v2\/pages"}],"about":[{"href":"https:\/\/www.collis-clamat.de\/home\/wp-json\/wp\/v2\/types\/page"}],"author":[{"embeddable":true,"href":"https:\/\/www.collis-clamat.de\/home\/wp-json\/wp\/v2\/users\/1"}],"replies":[{"embeddable":true,"href":"https:\/\/www.collis-clamat.de\/home\/wp-json\/wp\/v2\/comments?post=145"}],"version-history":[{"count":17,"href":"https:\/\/www.collis-clamat.de\/home\/wp-json\/wp\/v2\/pages\/145\/revisions"}],"predecessor-version":[{"id":1629,"href":"https:\/\/www.collis-clamat.de\/home\/wp-json\/wp\/v2\/pages\/145\/revisions\/1629"}],"wp:attachment":[{"href":"https:\/\/www.collis-clamat.de\/home\/wp-json\/wp\/v2\/media?parent=145"}],"curies":[{"name":"wp","href":"https:\/\/api.w.org\/{rel}","templated":true}]}}