{"id":155,"date":"2017-08-14T09:33:02","date_gmt":"2017-08-14T07:33:02","guid":{"rendered":"http:\/\/www.collis-clamat.de\/home\/?page_id=155"},"modified":"2024-10-11T10:50:29","modified_gmt":"2024-10-11T08:50:29","slug":"haendler","status":"publish","type":"page","link":"https:\/\/www.collis-clamat.de\/home\/haendler\/","title":{"rendered":"H\u00e4ndler"},"content":{"rendered":"\n<p>Damals, vor 7, 8, &#8230; 10 Jahren, waren es weniger als eine Hand voll St\u00e4nde, die bei Collis Clamat f\u00fcr Marktstimmung sorgten. Damals.<br>2024 war unser Markt mit fast 50 H\u00e4ndlern schon zu einer richtigen Herausforderung der Sinne (und des Geldbeutels&#8230;) geworden!<\/p>\n\n\n\n<h2 class=\"wp-block-heading\">Das hatten wir zu bieten<\/h2>\n\n\n\n<ul class=\"wp-block-list\">\n<li>Unsere\u00a0<strong>Tavernen<\/strong>\u00a0versorgten alle durstigen Besucher mit alkoholfreiem und alkoholhaltigem Trank<\/li>\n\n\n\n<li><strong>Handwerker<\/strong>\u00a0zeigten ihre Fertigkeiten mit Ton, Holz, Metall, Leder, Filz, Alchemie, Stein und mehr &#8211; und boten die Ergebnisse direkt zum Kauf an, manchmal durfte man auch aktiv mitmachen<\/li>\n\n\n\n<li><strong>Einkleiden und ausstaffieren<\/strong>\u00a0f\u00fcr jeden Geschmack &#8211; bei unseren H\u00e4ndlern vom Gewand \u00fcber Pelz bis Schmuck<\/li>\n\n\n\n<li>F\u00fcr\u00a0<strong>das leibliche Wohl<\/strong>\u00a0wurde mit Naschwerk, frisch Gebackenem, Leckereien vom Grill und weiteren Gaumenfreuden aus Topf und Pfanne gesorgt<\/li>\n<\/ul>\n\n\n\n<h4 class=\"wp-block-heading\"><\/h4>\n\n\n\n<p>Stand: 10\/2024<\/p>\n","protected":false},"excerpt":{"rendered":"<p>Damals, vor 7, 8, &#8230; 10 Jahren, waren es weniger als eine Hand voll St\u00e4nde, die bei Collis Clamat f\u00fcr Marktstimmung sorgten. Damals.2024 war unser Markt mit fast 50 H\u00e4ndlern schon zu einer richtigen Herausforderung der Sinne (und des Geldbeutels&#8230;) geworden! Das hatten wir zu bieten Stand: 10\/2024<\/p>\n","protected":false},"author":1,"featured_media":0,"parent":0,"menu_order":0,"comment_status":"closed","ping_status":"closed","template":"","meta":{"footnotes":""},"class_list":["post-155","page","type-page","status-publish","hentry","column","threecol"],"_links":{"self":[{"href":"https:\/\/www.collis-clamat.de\/home\/wp-json\/wp\/v2\/pages\/155","targetHints":{"allow":["GET"]}}],"collection":[{"href":"https:\/\/www.collis-clamat.de\/home\/wp-json\/wp\/v2\/pages"}],"about":[{"href":"https:\/\/www.collis-clamat.de\/home\/wp-json\/wp\/v2\/types\/page"}],"author":[{"embeddable":true,"href":"https:\/\/www.collis-clamat.de\/home\/wp-json\/wp\/v2\/users\/1"}],"replies":[{"embeddable":true,"href":"https:\/\/www.collis-clamat.de\/home\/wp-json\/wp\/v2\/comments?post=155"}],"version-history":[{"count":14,"href":"https:\/\/www.collis-clamat.de\/home\/wp-json\/wp\/v2\/pages\/155\/revisions"}],"predecessor-version":[{"id":1627,"href":"https:\/\/www.collis-clamat.de\/home\/wp-json\/wp\/v2\/pages\/155\/revisions\/1627"}],"wp:attachment":[{"href":"https:\/\/www.collis-clamat.de\/home\/wp-json\/wp\/v2\/media?parent=155"}],"curies":[{"name":"wp","href":"https:\/\/api.w.org\/{rel}","templated":true}]}}