{"id":177,"date":"2017-08-14T09:40:12","date_gmt":"2017-08-14T07:40:12","guid":{"rendered":"http:\/\/www.collis-clamat.de\/home\/?page_id=177"},"modified":"2024-10-11T14:34:44","modified_gmt":"2024-10-11T12:34:44","slug":"die-hundlinge","status":"publish","type":"page","link":"https:\/\/www.collis-clamat.de\/home\/veranstalter\/die-hundlinge\/","title":{"rendered":"Die Hundlinge"},"content":{"rendered":"\n<h2 class=\"wp-block-heading\">Ihr wollt wissen, wer hinter Collis Clamat steckt?<\/h2>\n\n\n\n<p>Das w\u00e4ren dann wir, die Hundlinge aus Wunsiedel. Unser gemeinn\u00fctziger Verein hat sich den mittelalterlichen Maschinen sowie deren Vorf\u00fchrung verschrieben. Und genau das tun wir bei Collis Clamat (und auch abseits davon) mit Herzblut und vollem Einsatz!<br>\nWer mehr \u00fcber uns wissen will, findet ausf\u00fchrliche Infos auf unserer <a href=\"http:\/\/die-hundlinge.de\/\">Vereins-Homepage<\/a>.<\/p>\n\n\n\n<p>Nat\u00fcrlich k\u00f6nnten wir das Fest nicht alleine stemmen, wir brauchen Hilfe. Und es gibt sie tats\u00e4chlich! Unsere Helfer, die, wie wir, ohne Bezahlung, das komplette Festwochenende und weit dar\u00fcber hinaus mit uns schwitzen, frieren und arbeiten.<br> DANKE an Euch, die ihr Jahr f\u00fcr Jahr an unserer Seite standet!<\/p>\n\n\n\n<h3 class=\"wp-block-heading\">Der Papierkram<\/h3>\n\n\n\n<p>Unser Verein ist registriert und eingetragen&nbsp;am Registergericht Hof,<br>\nRegisternummer im Vereinsgericht: VR200165<\/p>\n\n\n\n<p>Zertifikat zur Gemeinn\u00fctzigkeit und Steuernummer findet ihr auf unserer Vereinsseite:<br>\n<a href=\"http:\/\/die-hundlinge.de\/\">Die Hundlinge e.V.<\/a><\/p>\n","protected":false},"excerpt":{"rendered":"<p>Ihr wollt wissen, wer hinter Collis Clamat steckt? Das w\u00e4ren dann wir, die Hundlinge aus Wunsiedel. Unser gemeinn\u00fctziger Verein hat sich den mittelalterlichen Maschinen sowie deren Vorf\u00fchrung verschrieben. Und genau das tun wir bei Collis Clamat (und auch abseits davon) mit Herzblut und vollem Einsatz! Wer mehr \u00fcber uns wissen &#8230;<\/p>\n","protected":false},"author":1,"featured_media":0,"parent":137,"menu_order":0,"comment_status":"closed","ping_status":"closed","template":"","meta":{"footnotes":""},"class_list":["post-177","page","type-page","status-publish","hentry","column","threecol"],"_links":{"self":[{"href":"https:\/\/www.collis-clamat.de\/home\/wp-json\/wp\/v2\/pages\/177","targetHints":{"allow":["GET"]}}],"collection":[{"href":"https:\/\/www.collis-clamat.de\/home\/wp-json\/wp\/v2\/pages"}],"about":[{"href":"https:\/\/www.collis-clamat.de\/home\/wp-json\/wp\/v2\/types\/page"}],"author":[{"embeddable":true,"href":"https:\/\/www.collis-clamat.de\/home\/wp-json\/wp\/v2\/users\/1"}],"replies":[{"embeddable":true,"href":"https:\/\/www.collis-clamat.de\/home\/wp-json\/wp\/v2\/comments?post=177"}],"version-history":[{"count":5,"href":"https:\/\/www.collis-clamat.de\/home\/wp-json\/wp\/v2\/pages\/177\/revisions"}],"predecessor-version":[{"id":1635,"href":"https:\/\/www.collis-clamat.de\/home\/wp-json\/wp\/v2\/pages\/177\/revisions\/1635"}],"up":[{"embeddable":true,"href":"https:\/\/www.collis-clamat.de\/home\/wp-json\/wp\/v2\/pages\/137"}],"wp:attachment":[{"href":"https:\/\/www.collis-clamat.de\/home\/wp-json\/wp\/v2\/media?parent=177"}],"curies":[{"name":"wp","href":"https:\/\/api.w.org\/{rel}","templated":true}]}}