{"id":194,"date":"2017-08-14T12:36:10","date_gmt":"2017-08-14T10:36:10","guid":{"rendered":"http:\/\/www.collis-clamat.de\/home\/?page_id=194"},"modified":"2024-10-11T11:11:06","modified_gmt":"2024-10-11T09:11:06","slug":"darsteller-und-bands","status":"publish","type":"page","link":"https:\/\/www.collis-clamat.de\/home\/darsteller-und-bands\/","title":{"rendered":"Darsteller und Bands"},"content":{"rendered":"\n<h2 class=\"wp-block-heading\">Es werde LAUT!<\/h2>\n\n\n\n<p>F\u00fcr die passende musikalische Untermalung eines Mittelalterfestes braucht es selbstverst\u00e4ndlich Musik und klangliche Unterhaltung. Wir durften Minnes\u00e4nger und Wegelaberer, Barden und mehr Talente auf unsere B\u00fchnen stellen.<br>Manche standen bei uns zum ersten mal vor Publikum, andere spielten schon weit vor uns zum Tanz auf. <br>Wir bleiben am Ball und genie\u00dfen weiterhin die Musik!<\/p>\n\n\n\n<p><\/p>\n\n\n\n<h2 class=\"wp-block-heading\"><\/h2>\n\n\n\n<p><\/p>\n","protected":false},"excerpt":{"rendered":"<p>Es werde LAUT! F\u00fcr die passende musikalische Untermalung eines Mittelalterfestes braucht es selbstverst\u00e4ndlich Musik und klangliche Unterhaltung. Wir durften Minnes\u00e4nger und Wegelaberer, Barden und mehr Talente auf unsere B\u00fchnen stellen.Manche standen bei uns zum ersten mal vor Publikum, andere spielten schon weit vor uns zum Tanz auf. Wir bleiben am &#8230;<\/p>\n","protected":false},"author":1,"featured_media":0,"parent":0,"menu_order":0,"comment_status":"closed","ping_status":"closed","template":"","meta":{"footnotes":""},"class_list":["post-194","page","type-page","status-publish","hentry","column","threecol"],"_links":{"self":[{"href":"https:\/\/www.collis-clamat.de\/home\/wp-json\/wp\/v2\/pages\/194","targetHints":{"allow":["GET"]}}],"collection":[{"href":"https:\/\/www.collis-clamat.de\/home\/wp-json\/wp\/v2\/pages"}],"about":[{"href":"https:\/\/www.collis-clamat.de\/home\/wp-json\/wp\/v2\/types\/page"}],"author":[{"embeddable":true,"href":"https:\/\/www.collis-clamat.de\/home\/wp-json\/wp\/v2\/users\/1"}],"replies":[{"embeddable":true,"href":"https:\/\/www.collis-clamat.de\/home\/wp-json\/wp\/v2\/comments?post=194"}],"version-history":[{"count":27,"href":"https:\/\/www.collis-clamat.de\/home\/wp-json\/wp\/v2\/pages\/194\/revisions"}],"predecessor-version":[{"id":1631,"href":"https:\/\/www.collis-clamat.de\/home\/wp-json\/wp\/v2\/pages\/194\/revisions\/1631"}],"wp:attachment":[{"href":"https:\/\/www.collis-clamat.de\/home\/wp-json\/wp\/v2\/media?parent=194"}],"curies":[{"name":"wp","href":"https:\/\/api.w.org\/{rel}","templated":true}]}}